{"id":23,"date":"2022-08-03T20:29:08","date_gmt":"2022-08-03T20:29:08","guid":{"rendered":"https:\/\/www.gramers.de\/wordpress\/?page_id=23"},"modified":"2025-05-22T11:16:43","modified_gmt":"2025-05-22T11:16:43","slug":"homepage-gramers-fotobox","status":"publish","type":"page","link":"https:\/\/www.gramers.de\/wordpress\/","title":{"rendered":"Startseite"},"content":{"rendered":"<div id=\"pl-gb23-69f89ad8986d1\"  class=\"panel-layout wp-block-siteorigin-panels-layout-block\" ><div id=\"pg-gb23-69f89ad8986d1-0\"  class=\"panel-grid panel-no-style\" ><div id=\"pgc-gb23-69f89ad8986d1-0-0\"  class=\"panel-grid-cell\" ><div id=\"panel-gb23-69f89ad8986d1-0-0-0\" class=\"so-panel widget widget_text panel-first-child panel-last-child\" data-index=\"0\" ><h3 class=\"widget-title\">Meet the Faces Behind GramerS<\/h3>\t\t\t<div class=\"textwidget\"><p>Wir sind Marius und Sven, die Inhaber von GramerS \u2013 eurem Partner f\u00fcr unvergessliche Partys! \ud83c\udf89 Mit unserer Fotobox sorgen wir daf\u00fcr, dass eure Events noch mehr Spa\u00df machen und die besten Momente f\u00fcr immer festgehalten werden.<\/p>\n<p>Ihr plant eine Party und braucht noch das gewisse Extra? Schreibt uns einfach \u2013 wir freuen uns darauf, euch zu unterst\u00fctzen! \ud83d\ude0a<\/p>\n<\/div>\n\t\t<\/div><\/div><div id=\"pgc-gb23-69f89ad8986d1-0-1\"  class=\"panel-grid-cell\" ><div id=\"panel-gb23-69f89ad8986d1-0-1-0\" class=\"so-panel widget widget_media_image panel-first-child panel-last-child\" data-index=\"1\" ><img loading=\"lazy\" decoding=\"async\" width=\"226\" height=\"300\" src=\"https:\/\/www.gramers.de\/wordpress\/wp-content\/uploads\/2025\/05\/Fotobox-neu-226x300.jpg\" class=\"image wp-image-495  attachment-medium size-medium\" alt=\"\" style=\"max-width: 100%; height: auto;\" srcset=\"https:\/\/www.gramers.de\/wordpress\/wp-content\/uploads\/2025\/05\/Fotobox-neu-226x300.jpg 226w, https:\/\/www.gramers.de\/wordpress\/wp-content\/uploads\/2025\/05\/Fotobox-neu-770x1024.jpg 770w, https:\/\/www.gramers.de\/wordpress\/wp-content\/uploads\/2025\/05\/Fotobox-neu-768x1021.jpg 768w, https:\/\/www.gramers.de\/wordpress\/wp-content\/uploads\/2025\/05\/Fotobox-neu-1155x1536.jpg 1155w, https:\/\/www.gramers.de\/wordpress\/wp-content\/uploads\/2025\/05\/Fotobox-neu.jpg 1178w\" sizes=\"auto, (max-width: 226px) 100vw, 226px\" \/><\/div><\/div><\/div><div id=\"pg-gb23-69f89ad8986d1-1\"  class=\"panel-grid panel-no-style\" ><div id=\"pgc-gb23-69f89ad8986d1-1-0\"  class=\"panel-grid-cell panel-grid-cell-empty\" ><\/div><div id=\"pgc-gb23-69f89ad8986d1-1-1\"  class=\"panel-grid-cell\" ><div id=\"panel-gb23-69f89ad8986d1-1-1-0\" class=\"so-panel widget widget_text panel-first-child panel-last-child\" data-index=\"2\" >\t\t\t<div class=\"textwidget\"><\/div>\n\t\t<\/div><\/div><\/div><div id=\"pg-gb23-69f89ad8986d1-2\"  class=\"panel-grid panel-no-style\" ><div id=\"pgc-gb23-69f89ad8986d1-2-0\"  class=\"panel-grid-cell\" ><div id=\"panel-gb23-69f89ad8986d1-2-0-0\" class=\"so-panel widget widget_circleicon-widget panel-first-child panel-last-child\" data-index=\"3\" >\t\t<div class=\"circle-icon-box circle-icon-position-top circle-icon-hide-box circle-icon-size-small \">\n\t\t\t\t\t\t\t<div class=\"circle-icon-wrapper\">\n\t\t\t\t\t\t\t\t\t\t<div class=\"circle-icon icon-style-set\" style=\"background-color: #1a1a1a\">\n\t\t\t\t\t\t\t\t\t\t\t\t\t<div\n\t\t\t\t\t\t\t\tclass=\"fa fa-camera  icon-style-set\"\n\t\t\t\t\t\t\t\t\t\t\t\t\t\t\t><\/div>\n\t\t\t\t\t\t\t\t\t\t\t<\/div>\n\t\t\t\t\t\t\t\t\t<\/div>\n\t\t\t\n\t\t\t\t\t\t\t\t\t\t<h4 >\n\t\t\t\t\tFotobox\t\t\t\t<\/h4>\n\t\t\t\t\t\t\n\t\t\t\t\t\t\t<p class=\"text\" >\n\t\t\t\tUnsere Fotobox wird zum Highlight auf deiner Party, mach unbegrenzt Fotos und halte deine Party in Bildern fest, an die du dich noch lange erinnern wirst.\t\t\t<\/p>\n\t\t\t\t\t\t\t\t\t\t<a\n\t\t\t\t\thref=\"https:\/\/www.gramers.de\/wordpress\/?page_id=90\"\n\t\t\t\t\tclass=\"more-button\"\n\t\t\t\t\t\t\t\t\t>\n\t\t\t\t\tMehr Infos\t\t\t\t\t<i><\/i>\n\t\t\t\t<\/a>\n\t\t\t\t\t<\/div>\n\t\t<\/div><\/div><div id=\"pgc-gb23-69f89ad8986d1-2-1\"  class=\"panel-grid-cell\" ><div id=\"panel-gb23-69f89ad8986d1-2-1-0\" class=\"so-panel widget widget_circleicon-widget panel-first-child panel-last-child\" data-index=\"4\" >\t\t<div class=\"circle-icon-box circle-icon-position-top circle-icon-hide-box circle-icon-size-small \">\n\t\t\t\t\t\t\t<div class=\"circle-icon-wrapper\">\n\t\t\t\t\t\t\t\t\t\t<div class=\"circle-icon icon-style-set\" style=\"background-color: #1a1a1a\">\n\t\t\t\t\t\t\t\t\t\t\t\t\t<div\n\t\t\t\t\t\t\t\tclass=\"fa fa-lightbulb-o  icon-style-set\"\n\t\t\t\t\t\t\t\t\t\t\t\t\t\t\t><\/div>\n\t\t\t\t\t\t\t\t\t\t\t<\/div>\n\t\t\t\t\t\t\t\t\t<\/div>\n\t\t\t\n\t\t\t\t\t\t\t\t\t\t<h4 >\n\t\t\t\t\tLichttechnik \/ Nebel\t\t\t\t<\/h4>\n\t\t\t\t\t\t\n\t\t\t\t\t\t\t<p class=\"text\" >\n\t\t\t\tMithilfe unserer Lichttechnik machst du deine Party, auch ohne Technikerfahrung, zu einem ganz besonderen Event\t\t\t<\/p>\n\t\t\t\t\t\t\t\t\t\t<a\n\t\t\t\t\thref=\"https:\/\/www.gramers.de\/wordpress\/?page_id=85\"\n\t\t\t\t\tclass=\"more-button\"\n\t\t\t\t\t\t\t\t\t>\n\t\t\t\t\tMehr Infos\t\t\t\t\t<i><\/i>\n\t\t\t\t<\/a>\n\t\t\t\t\t<\/div>\n\t\t<\/div><\/div><div id=\"pgc-gb23-69f89ad8986d1-2-2\"  class=\"panel-grid-cell\" ><div id=\"panel-gb23-69f89ad8986d1-2-2-0\" class=\"so-panel widget widget_circleicon-widget panel-first-child panel-last-child\" data-index=\"5\" >\t\t<div class=\"circle-icon-box circle-icon-position-top circle-icon-hide-box circle-icon-size-small \">\n\t\t\t\t\t\t\t<div class=\"circle-icon-wrapper\">\n\t\t\t\t\t\t\t\t\t\t<div class=\"circle-icon icon-style-set\" style=\"background-color: #1a1a1a\">\n\t\t\t\t\t\t\t\t\t\t\t\t\t<div\n\t\t\t\t\t\t\t\tclass=\"fa fa-music  icon-style-set\"\n\t\t\t\t\t\t\t\t\t\t\t\t\t\t\t><\/div>\n\t\t\t\t\t\t\t\t\t\t\t<\/div>\n\t\t\t\t\t\t\t\t\t<\/div>\n\t\t\t\n\t\t\t\t\t\t\t\t\t\t<h4 >\n\t\t\t\t\tTontechnik \/ Soundboks\t\t\t\t<\/h4>\n\t\t\t\t\t\t\n\t\t\t\t\t\t\t<p class=\"text\" >\n\t\t\t\tSorge mit unserer Tontechnik auf deiner Party f\u00fcr ordentlich Stimmung, steuere die Musik wie gewohnt \u00fcber Bluetooth.\t\t\t<\/p>\n\t\t\t\t\t\t\t\t\t\t<a\n\t\t\t\t\thref=\"https:\/\/www.gramers.de\/wordpress\/?page_id=81\"\n\t\t\t\t\tclass=\"more-button\"\n\t\t\t\t\t\t\t\t\t>\n\t\t\t\t\tMehr Infos\t\t\t\t\t<i><\/i>\n\t\t\t\t<\/a>\n\t\t\t\t\t<\/div>\n\t\t<\/div><\/div><\/div><div id=\"pg-gb23-69f89ad8986d1-3\"  class=\"panel-grid panel-no-style\" ><div id=\"pgc-gb23-69f89ad8986d1-3-0\"  class=\"panel-grid-cell\" ><div id=\"panel-gb23-69f89ad8986d1-3-0-0\" class=\"so-panel widget widget_media_gallery panel-first-child panel-last-child\" data-index=\"6\" >\n\t\t<style type=\"text\/css\">\n\t\t\t#gallery-1 {\n\t\t\t\tmargin: auto;\n\t\t\t}\n\t\t\t#gallery-1 .gallery-item {\n\t\t\t\tfloat: left;\n\t\t\t\tmargin-top: 10px;\n\t\t\t\ttext-align: center;\n\t\t\t\twidth: 33%;\n\t\t\t}\n\t\t\t#gallery-1 img {\n\t\t\t\tborder: 2px solid #cfcfcf;\n\t\t\t}\n\t\t\t#gallery-1 .gallery-caption {\n\t\t\t\tmargin-left: 0;\n\t\t\t}\n\t\t\t\/* see gallery_shortcode() in wp-includes\/media.php *\/\n\t\t<\/style>\n\t\t<div id='gallery-1' class='gallery galleryid-23 gallery-columns-3 gallery-size-medium'><dl class='gallery-item'>\n\t\t\t<dt class='gallery-icon portrait'>\n\t\t\t\t<img loading=\"lazy\" decoding=\"async\" width=\"225\" height=\"300\" src=\"https:\/\/www.gramers.de\/wordpress\/wp-content\/uploads\/2024\/08\/IMG_8433-225x300.jpeg\" class=\"attachment-medium size-medium\" alt=\"\" srcset=\"https:\/\/www.gramers.de\/wordpress\/wp-content\/uploads\/2024\/08\/IMG_8433-225x300.jpeg 225w, https:\/\/www.gramers.de\/wordpress\/wp-content\/uploads\/2024\/08\/IMG_8433-768x1024.jpeg 768w, https:\/\/www.gramers.de\/wordpress\/wp-content\/uploads\/2024\/08\/IMG_8433-1152x1536.jpeg 1152w, https:\/\/www.gramers.de\/wordpress\/wp-content\/uploads\/2024\/08\/IMG_8433-1536x2048.jpeg 1536w, https:\/\/www.gramers.de\/wordpress\/wp-content\/uploads\/2024\/08\/IMG_8433-scaled.jpeg 1920w\" sizes=\"auto, (max-width: 225px) 100vw, 225px\" \/>\n\t\t\t<\/dt><\/dl><dl class='gallery-item'>\n\t\t\t<dt class='gallery-icon portrait'>\n\t\t\t\t<img loading=\"lazy\" decoding=\"async\" width=\"225\" height=\"300\" src=\"https:\/\/www.gramers.de\/wordpress\/wp-content\/uploads\/2022\/08\/IMG_6193-225x300.jpg\" class=\"attachment-medium size-medium\" alt=\"\" srcset=\"https:\/\/www.gramers.de\/wordpress\/wp-content\/uploads\/2022\/08\/IMG_6193-225x300.jpg 225w, https:\/\/www.gramers.de\/wordpress\/wp-content\/uploads\/2022\/08\/IMG_6193-768x1024.jpg 768w, https:\/\/www.gramers.de\/wordpress\/wp-content\/uploads\/2022\/08\/IMG_6193-1152x1536.jpg 1152w, https:\/\/www.gramers.de\/wordpress\/wp-content\/uploads\/2022\/08\/IMG_6193.jpg 1512w\" sizes=\"auto, (max-width: 225px) 100vw, 225px\" \/>\n\t\t\t<\/dt><\/dl><dl class='gallery-item'>\n\t\t\t<dt class='gallery-icon portrait'>\n\t\t\t\t<img loading=\"lazy\" decoding=\"async\" width=\"225\" height=\"300\" src=\"https:\/\/www.gramers.de\/wordpress\/wp-content\/uploads\/2022\/08\/IMG_6185-1-225x300.jpg\" class=\"attachment-medium size-medium\" alt=\"\" srcset=\"https:\/\/www.gramers.de\/wordpress\/wp-content\/uploads\/2022\/08\/IMG_6185-1-225x300.jpg 225w, https:\/\/www.gramers.de\/wordpress\/wp-content\/uploads\/2022\/08\/IMG_6185-1-768x1024.jpg 768w, https:\/\/www.gramers.de\/wordpress\/wp-content\/uploads\/2022\/08\/IMG_6185-1-1152x1536.jpg 1152w, https:\/\/www.gramers.de\/wordpress\/wp-content\/uploads\/2022\/08\/IMG_6185-1.jpg 1512w\" sizes=\"auto, (max-width: 225px) 100vw, 225px\" \/>\n\t\t\t<\/dt><\/dl><br style=\"clear: both\" \/>\n\t\t<\/div>\n<\/div><\/div><\/div><div id=\"pg-gb23-69f89ad8986d1-4\"  class=\"panel-grid panel-has-style\" ><div class=\"wide-grey panel-row-style panel-row-style-for-gb23-69f89ad8986d1-4\" ><div id=\"pgc-gb23-69f89ad8986d1-4-0\"  class=\"panel-grid-cell\" ><div id=\"panel-gb23-69f89ad8986d1-4-0-0\" class=\"so-panel widget widget_sow-button panel-first-child panel-last-child\" data-index=\"7\" ><div\n\t\t\t\n\t\t\tclass=\"so-widget-sow-button so-widget-sow-button-flat-f54c0409268f-23\"\n\t\t\t\n\t\t><div class=\"ow-button-base ow-button-align-center\"\n>\n\t\t\t<a\n\t\t\t\t\thref=\"https:\/\/www.gramers.de\/wordpress\/?page_id=19\"\n\t\t\t\t\tclass=\"sowb-button ow-icon-placement-left ow-button-hover\" \t>\n\t\t<span>\n\t\t\t\n\t\t\tTermin unverbindlich anfragen\t\t<\/span>\n\t\t\t<\/a>\n\t<\/div>\n<\/div><\/div><\/div><\/div><\/div><\/div>\n\n\n<p><\/p>\n","protected":false},"excerpt":{"rendered":"<p>Wir sind Marius und Sven, die Inhaber von GramerS \u2013 eurem Partner f\u00fcr unvergessliche Partys! \ud83c\udf89 Mit unserer Fotobox sorgen wir daf\u00fcr, dass eure Events noch mehr Spa\u00df machen und die besten Momente f\u00fcr immer festgehalten werden. Ihr plant eine Party und braucht noch das gewisse Extra? Schreibt uns einfach \u2013 wir freuen uns darauf, [&hellip;]<\/p>\n","protected":false},"author":1,"featured_media":0,"parent":0,"menu_order":0,"comment_status":"closed","ping_status":"closed","template":"","meta":{"footnotes":""},"class_list":["post-23","page","type-page","status-publish","hentry","post"],"yoast_head":"<!-- This site is optimized with the Yoast SEO plugin v27.5 - https:\/\/yoast.com\/product\/yoast-seo-wordpress\/ -->\n<title>Startseite - GRAMERS<\/title>\n<meta name=\"description\" content=\"Fotobox, Licht oder Tontechnik? Hier bist du richtig! Wir vermieten professionelle Technik zum fairen Preis. Melde dich bei uns.\" \/>\n<meta name=\"robots\" content=\"index, follow, max-snippet:-1, max-image-preview:large, max-video-preview:-1\" \/>\n<link rel=\"canonical\" href=\"https:\/\/www.gramers.de\/wordpress\/\" \/>\n<meta property=\"og:locale\" content=\"de_DE\" \/>\n<meta property=\"og:type\" content=\"article\" \/>\n<meta property=\"og:title\" content=\"Startseite - GRAMERS\" \/>\n<meta property=\"og:description\" content=\"Fotobox, Licht oder Tontechnik? Hier bist du richtig! Wir vermieten professionelle Technik zum fairen Preis. Melde dich bei uns.\" \/>\n<meta property=\"og:url\" content=\"https:\/\/www.gramers.de\/wordpress\/\" \/>\n<meta property=\"og:site_name\" content=\"GRAMERS\" \/>\n<meta property=\"article:modified_time\" content=\"2025-05-22T11:16:43+00:00\" \/>\n<meta name=\"twitter:card\" content=\"summary_large_image\" \/>\n<meta name=\"twitter:site\" content=\"@gramers_event4rent\" \/>\n<meta name=\"twitter:label1\" content=\"Gesch\u00e4tzte Lesezeit\" \/>\n\t<meta name=\"twitter:data1\" content=\"2\u00a0Minuten\" \/>\n<script type=\"application\/ld+json\" class=\"yoast-schema-graph\">{\"@context\":\"https:\\\/\\\/schema.org\",\"@graph\":[{\"@type\":\"WebPage\",\"@id\":\"https:\\\/\\\/www.gramers.de\\\/wordpress\\\/\",\"url\":\"https:\\\/\\\/www.gramers.de\\\/wordpress\\\/\",\"name\":\"Startseite - GRAMERS\",\"isPartOf\":{\"@id\":\"https:\\\/\\\/www.gramers.de\\\/wordpress\\\/#website\"},\"datePublished\":\"2022-08-03T20:29:08+00:00\",\"dateModified\":\"2025-05-22T11:16:43+00:00\",\"description\":\"Fotobox, Licht oder Tontechnik? Hier bist du richtig! Wir vermieten professionelle Technik zum fairen Preis. Melde dich bei uns.\",\"breadcrumb\":{\"@id\":\"https:\\\/\\\/www.gramers.de\\\/wordpress\\\/#breadcrumb\"},\"inLanguage\":\"de\",\"potentialAction\":[{\"@type\":\"ReadAction\",\"target\":[\"https:\\\/\\\/www.gramers.de\\\/wordpress\\\/\"]}]},{\"@type\":\"BreadcrumbList\",\"@id\":\"https:\\\/\\\/www.gramers.de\\\/wordpress\\\/#breadcrumb\",\"itemListElement\":[{\"@type\":\"ListItem\",\"position\":1,\"name\":\"Startseite\",\"item\":\"https:\\\/\\\/www.gramers.de\\\/wordpress\\\/\"},{\"@type\":\"ListItem\",\"position\":2,\"name\":\"Startseite\"}]},{\"@type\":\"WebSite\",\"@id\":\"https:\\\/\\\/www.gramers.de\\\/wordpress\\\/#website\",\"url\":\"https:\\\/\\\/www.gramers.de\\\/wordpress\\\/\",\"name\":\"GRAMERS\",\"description\":\"\",\"publisher\":{\"@id\":\"https:\\\/\\\/www.gramers.de\\\/wordpress\\\/#organization\"},\"potentialAction\":[{\"@type\":\"SearchAction\",\"target\":{\"@type\":\"EntryPoint\",\"urlTemplate\":\"https:\\\/\\\/www.gramers.de\\\/wordpress\\\/?s={search_term_string}\"},\"query-input\":{\"@type\":\"PropertyValueSpecification\",\"valueRequired\":true,\"valueName\":\"search_term_string\"}}],\"inLanguage\":\"de\"},{\"@type\":\"Organization\",\"@id\":\"https:\\\/\\\/www.gramers.de\\\/wordpress\\\/#organization\",\"name\":\"GRAMERS\",\"url\":\"https:\\\/\\\/www.gramers.de\\\/wordpress\\\/\",\"logo\":{\"@type\":\"ImageObject\",\"inLanguage\":\"de\",\"@id\":\"https:\\\/\\\/www.gramers.de\\\/wordpress\\\/#\\\/schema\\\/logo\\\/image\\\/\",\"url\":\"https:\\\/\\\/www.gramers.de\\\/wordpress\\\/wp-content\\\/uploads\\\/2022\\\/08\\\/cropped-GramersLogo.png\",\"contentUrl\":\"https:\\\/\\\/www.gramers.de\\\/wordpress\\\/wp-content\\\/uploads\\\/2022\\\/08\\\/cropped-GramersLogo.png\",\"width\":512,\"height\":512,\"caption\":\"GRAMERS\"},\"image\":{\"@id\":\"https:\\\/\\\/www.gramers.de\\\/wordpress\\\/#\\\/schema\\\/logo\\\/image\\\/\"},\"sameAs\":[\"https:\\\/\\\/x.com\\\/gramers_event4rent\"]}]}<\/script>\n<!-- \/ Yoast SEO plugin. -->","yoast_head_json":{"title":"Startseite - GRAMERS","description":"Fotobox, Licht oder Tontechnik? Hier bist du richtig! Wir vermieten professionelle Technik zum fairen Preis. Melde dich bei uns.","robots":{"index":"index","follow":"follow","max-snippet":"max-snippet:-1","max-image-preview":"max-image-preview:large","max-video-preview":"max-video-preview:-1"},"canonical":"https:\/\/www.gramers.de\/wordpress\/","og_locale":"de_DE","og_type":"article","og_title":"Startseite - GRAMERS","og_description":"Fotobox, Licht oder Tontechnik? Hier bist du richtig! Wir vermieten professionelle Technik zum fairen Preis. Melde dich bei uns.","og_url":"https:\/\/www.gramers.de\/wordpress\/","og_site_name":"GRAMERS","article_modified_time":"2025-05-22T11:16:43+00:00","twitter_card":"summary_large_image","twitter_site":"@gramers_event4rent","twitter_misc":{"Gesch\u00e4tzte Lesezeit":"2\u00a0Minuten"},"schema":{"@context":"https:\/\/schema.org","@graph":[{"@type":"WebPage","@id":"https:\/\/www.gramers.de\/wordpress\/","url":"https:\/\/www.gramers.de\/wordpress\/","name":"Startseite - GRAMERS","isPartOf":{"@id":"https:\/\/www.gramers.de\/wordpress\/#website"},"datePublished":"2022-08-03T20:29:08+00:00","dateModified":"2025-05-22T11:16:43+00:00","description":"Fotobox, Licht oder Tontechnik? Hier bist du richtig! Wir vermieten professionelle Technik zum fairen Preis. Melde dich bei uns.","breadcrumb":{"@id":"https:\/\/www.gramers.de\/wordpress\/#breadcrumb"},"inLanguage":"de","potentialAction":[{"@type":"ReadAction","target":["https:\/\/www.gramers.de\/wordpress\/"]}]},{"@type":"BreadcrumbList","@id":"https:\/\/www.gramers.de\/wordpress\/#breadcrumb","itemListElement":[{"@type":"ListItem","position":1,"name":"Startseite","item":"https:\/\/www.gramers.de\/wordpress\/"},{"@type":"ListItem","position":2,"name":"Startseite"}]},{"@type":"WebSite","@id":"https:\/\/www.gramers.de\/wordpress\/#website","url":"https:\/\/www.gramers.de\/wordpress\/","name":"GRAMERS","description":"","publisher":{"@id":"https:\/\/www.gramers.de\/wordpress\/#organization"},"potentialAction":[{"@type":"SearchAction","target":{"@type":"EntryPoint","urlTemplate":"https:\/\/www.gramers.de\/wordpress\/?s={search_term_string}"},"query-input":{"@type":"PropertyValueSpecification","valueRequired":true,"valueName":"search_term_string"}}],"inLanguage":"de"},{"@type":"Organization","@id":"https:\/\/www.gramers.de\/wordpress\/#organization","name":"GRAMERS","url":"https:\/\/www.gramers.de\/wordpress\/","logo":{"@type":"ImageObject","inLanguage":"de","@id":"https:\/\/www.gramers.de\/wordpress\/#\/schema\/logo\/image\/","url":"https:\/\/www.gramers.de\/wordpress\/wp-content\/uploads\/2022\/08\/cropped-GramersLogo.png","contentUrl":"https:\/\/www.gramers.de\/wordpress\/wp-content\/uploads\/2022\/08\/cropped-GramersLogo.png","width":512,"height":512,"caption":"GRAMERS"},"image":{"@id":"https:\/\/www.gramers.de\/wordpress\/#\/schema\/logo\/image\/"},"sameAs":["https:\/\/x.com\/gramers_event4rent"]}]}},"_links":{"self":[{"href":"https:\/\/www.gramers.de\/wordpress\/wp-json\/wp\/v2\/pages\/23","targetHints":{"allow":["GET"]}}],"collection":[{"href":"https:\/\/www.gramers.de\/wordpress\/wp-json\/wp\/v2\/pages"}],"about":[{"href":"https:\/\/www.gramers.de\/wordpress\/wp-json\/wp\/v2\/types\/page"}],"author":[{"embeddable":true,"href":"https:\/\/www.gramers.de\/wordpress\/wp-json\/wp\/v2\/users\/1"}],"replies":[{"embeddable":true,"href":"https:\/\/www.gramers.de\/wordpress\/wp-json\/wp\/v2\/comments?post=23"}],"version-history":[{"count":34,"href":"https:\/\/www.gramers.de\/wordpress\/wp-json\/wp\/v2\/pages\/23\/revisions"}],"predecessor-version":[{"id":499,"href":"https:\/\/www.gramers.de\/wordpress\/wp-json\/wp\/v2\/pages\/23\/revisions\/499"}],"wp:attachment":[{"href":"https:\/\/www.gramers.de\/wordpress\/wp-json\/wp\/v2\/media?parent=23"}],"curies":[{"name":"wp","href":"https:\/\/api.w.org\/{rel}","templated":true}]}}